{"id":1072,"date":"2023-01-16T13:09:01","date_gmt":"2023-01-16T13:09:01","guid":{"rendered":"https:\/\/www.seanapps.app\/contact\/"},"modified":"2026-04-20T07:40:28","modified_gmt":"2026-04-20T07:40:28","slug":"contact","status":"publish","type":"page","link":"https:\/\/www.seanapps.app\/en-us\/contact","title":{"rendered":"Contact"},"content":{"rendered":"<p>[et_pb_section fb_built=&#8221;1&#8243; admin_label=&#8221;Header&#8221; _builder_version=&#8221;4.19.4&#8243; _module_preset=&#8221;default&#8221; custom_margin=&#8221;||0px||false|false&#8221; custom_padding=&#8221;15px||0px||false|false&#8221; collapsed=&#8221;on&#8221; global_colors_info=&#8221;{}&#8221;][et_pb_row _builder_version=&#8221;4.19.4&#8243; _module_preset=&#8221;default&#8221; custom_margin=&#8221;||||false|false&#8221; custom_padding=&#8221;0px||||false|false&#8221; global_colors_info=&#8221;{}&#8221;][et_pb_column type=&#8221;4_4&#8243; _builder_version=&#8221;4.19.4&#8243; _module_preset=&#8221;default&#8221; global_colors_info=&#8221;{}&#8221;][lwp_divi_breadcrumbs home_text=&#8221;Accueil&#8221; font_icon=&#8221;&#x35;||divi||400&#8243; _builder_version=&#8221;4.19.4&#8243; _module_preset=&#8221;default&#8221; custom_margin=&#8221;||||false|false&#8221; global_colors_info=&#8221;{}&#8221;][\/lwp_divi_breadcrumbs][\/et_pb_column][\/et_pb_row][et_pb_row _builder_version=&#8221;4.17.4&#8243; _module_preset=&#8221;default&#8221; global_colors_info=&#8221;{}&#8221;][et_pb_column type=&#8221;4_4&#8243; _builder_version=&#8221;4.17.4&#8243; _module_preset=&#8221;default&#8221; global_colors_info=&#8221;{}&#8221;][et_pb_text _builder_version=&#8221;4.17.4&#8243; _module_preset=&#8221;default&#8221; header_font=&#8221;|700|||||||&#8221; header_text_color=&#8221;#00006e&#8221; header_font_size=&#8221;50px&#8221; header_line_height=&#8221;1.2em&#8221; header_font_size_tablet=&#8221;40px&#8221; header_font_size_phone=&#8221;24px&#8221; header_font_size_last_edited=&#8221;on|desktop&#8221; global_colors_info=&#8221;{}&#8221;]<\/p>\n<h1>Contact<\/h1>\n<p>[\/et_pb_text][et_pb_text _builder_version=&#8221;4.19.4&#8243; _module_preset=&#8221;default&#8221; global_colors_info=&#8221;{}&#8221;]<\/p>\n<p>You want to equip your boat with Seanapps?<u><a href=\"https:\/\/www.seanapps.app\/en-us\/smart-device\/order\"> Go to the dedicated form.<\/a><\/u><\/p>\n<p>Before contacting us, we invite you to consult the questions most frequently asked by Seanapps users on the page dedicated to <u><a href=\"https:\/\/seanapps.zendesk.com\/hc\/fr-fr\" target=\"_blank\" rel=\"noopener noreferrer\">Frequently Asked Questions.<\/a><\/u><\/p>\n<p>[\/et_pb_text][\/et_pb_column][\/et_pb_row][\/et_pb_section][et_pb_section fb_built=&#8221;1&#8243; admin_label=&#8221;Contact&#8221; _builder_version=&#8221;4.17.4&#8243; _module_preset=&#8221;default&#8221; custom_padding=&#8221;0px||||false|false&#8221; global_colors_info=&#8221;{}&#8221;][et_pb_row _builder_version=&#8221;4.17.4&#8243; _module_preset=&#8221;default&#8221; global_colors_info=&#8221;{}&#8221;][et_pb_column type=&#8221;4_4&#8243; _builder_version=&#8221;4.17.4&#8243; _module_preset=&#8221;default&#8221; global_colors_info=&#8221;{}&#8221;][et_pb_contact_form email=&#8221;contact@seanapps.fr&#8221; title=&#8221;Fill in the following form:&#8221; custom_message=&#8221;Nouvelle demande depuis le formulaire de contact de Seanapps.fr||et_pb_line_break_holder||||et_pb_line_break_holder||Contact:||et_pb_line_break_holder||%%firstname%% %%name%%||et_pb_line_break_holder||||et_pb_line_break_holder||%%owner%%||et_pb_line_break_holder||Dealer: %%dealer%%||et_pb_line_break_holder||||et_pb_line_break_holder||Email: %%email%%||et_pb_line_break_holder||T\u00e9l\u00e9phone: %%phone%%||et_pb_line_break_holder||||et_pb_line_break_holder||Langue parl\u00e9e: %%language%%||et_pb_line_break_holder||||et_pb_line_break_holder||Objet de la demande : %%request%%||et_pb_line_break_holder||Message: ||et_pb_line_break_holder||%%message%%&#8221; success_message=&#8221;Thanks for your message&#8221; submit_button_text=&#8221;Send the message&#8221; module_id=&#8221;snp_contact_send_message&#8221; module_class=&#8221;snp_cltr&#8221; _builder_version=&#8221;4.19.5&#8243; _module_preset=&#8221;default&#8221; _unique_id=&#8221;505a111c-5077-4c01-88a0-f53f73c0f389&#8243; form_field_background_color=&#8221;#F3F3F3&#8243; form_field_text_color=&#8221;#666666&#8243; form_field_custom_padding=&#8221;18px|18px|18px|18px|true|true&#8221; title_level=&#8221;h2&#8243; title_font=&#8221;|600|||||||&#8221; title_text_color=&#8221;#00006e&#8221; title_font_size=&#8221;25px&#8221; form_field_font=&#8221;||||||||&#8221; form_field_letter_spacing=&#8221;1px&#8221; custom_button=&#8221;on&#8221; button_text_size=&#8221;14px&#8221; button_text_color=&#8221;#FFFFFF&#8221; button_bg_color=&#8221;#0087ff&#8221; button_border_width=&#8221;0px&#8221; button_border_color=&#8221;RGBA(255,255,255,0)&#8221; button_border_radius=&#8221;35px&#8221; button_font=&#8221;Inter|700||on|||||&#8221; button_use_icon=&#8221;off&#8221; button_custom_margin=&#8221;10px||||false|false&#8221; button_custom_margin_tablet=&#8221;10px||||false|false&#8221; button_custom_margin_phone=&#8221;10px||||false|false&#8221; button_custom_margin_last_edited=&#8221;on|desktop&#8221; button_custom_padding=&#8221;14px|20px|14px|20px|true|true&#8221; width=&#8221;70%&#8221; custom_padding=&#8221;||||false|false&#8221; custom_css_before=&#8221;.et-float-labels p {||  position: relative !important;||}|| ||.et-float-labels .et_pb_contact_form_label {||  display: block !important;||  visibility: hidden;||  opacity: 0;||  position: absolute;||  top: 1em;||  padding: 0 1em;||  transform: translateY(0%);||  transform-origin: left;||  color: #ffffff;||  font-size: 1.2em;||  -webkit-transition: all 0.4s ease-in-out;||  transition: all 0.4s ease-in-out;||  z-index: 0;||}|| ||.et-float-labels .et_pb_contact_form_label.active {||  visibility: visible;||  opacity: 0.6;||  top:0;||  transform: translateY(-100%) scale(0.9);||}|| ||.et_pb_module.et-float-labels form p .input::-webkit-input-placeholder {||  -webkit-transition: all 0.4s;||  transition: all 0.4s;||}||.et_pb_module.et-float-labels form p .input::-moz-placeholder {||  -moz-transition: all 0.4s ease-in-out;||  transition: all 0.4s ease-in-out;||}||.et_pb_module.et-float-labels form p .input:-ms-input-placeholder {||  -ms-transition: all 0.4s ease-in-out;||  transition: all 0.4s ease-in-out;||}||.et_pb_module.et-float-labels form p .input:-moz-placeholder {||  -moz-transition: all 0.4s ease-in-out;||  transition: all 0.4s ease-in-out;||}  ||.et_pb_module.et-float-labels form p .input::placeholder {||  transition: all 0.4s ease-in-out;||}|| ||.et_pb_module.et-float-labels form p .input:focus::-webkit-input-placeholder {||  color: transparent !important;||}||.et_pb_module.et-float-labels form p .input:focus::-moz-placeholder {||  color: transparent !important;||}||.et_pb_module.et-float-labels form p .input:focus:-moz-placeholder {||  color: transparent !important;||}||.et_pb_module.et-float-labels form p .input:focus:-ms-input-placeholder {||  color: transparent !important;||}||.et_pb_module.et-float-labels form p .input:focus::placeholder {||  color: transparent !important;||}||jQuery(document).ready(function ($) {||  var $floatLabelInput = $(%22.et-float-labels .input%22);||  $floatLabelInput.on(%22focus%22, function (e) {||    $(e.target).prev().addClass(%22active%22);||    e.stopPropagation();||  });||  $floatLabelInput.on(%22blur%22, function (e) {||    if (!$(e.target).val()) {||      $(e.target).prev().removeClass(%22active%22);||    } else {||      $(e.target).prev().addClass(%22active%22);||    }||  });||});&#8221; locked=&#8221;off&#8221; global_colors_info=&#8221;{}&#8221;][et_pb_contact_field field_id=&#8221;name&#8221; field_title=&#8221;Your Last Name*&#8221; fullwidth_field=&#8221;on&#8221; _builder_version=&#8221;4.17.4&#8243; _module_preset=&#8221;default&#8221; form_field_font=&#8221;Inter||||||||&#8221; global_colors_info=&#8221;{}&#8221; button_text_size__hover_enabled=&#8221;off&#8221; button_one_text_size__hover_enabled=&#8221;off&#8221; button_two_text_size__hover_enabled=&#8221;off&#8221; button_text_color__hover_enabled=&#8221;off&#8221; button_one_text_color__hover_enabled=&#8221;off&#8221; button_two_text_color__hover_enabled=&#8221;off&#8221; button_border_width__hover_enabled=&#8221;off&#8221; button_one_border_width__hover_enabled=&#8221;off&#8221; button_two_border_width__hover_enabled=&#8221;off&#8221; button_border_color__hover_enabled=&#8221;off&#8221; button_one_border_color__hover_enabled=&#8221;off&#8221; button_two_border_color__hover_enabled=&#8221;off&#8221; button_border_radius__hover_enabled=&#8221;off&#8221; button_one_border_radius__hover_enabled=&#8221;off&#8221; button_two_border_radius__hover_enabled=&#8221;off&#8221; button_letter_spacing__hover_enabled=&#8221;off&#8221; button_one_letter_spacing__hover_enabled=&#8221;off&#8221; button_two_letter_spacing__hover_enabled=&#8221;off&#8221; button_bg_color__hover_enabled=&#8221;off&#8221; button_one_bg_color__hover_enabled=&#8221;off&#8221; button_two_bg_color__hover_enabled=&#8221;off&#8221;][\/et_pb_contact_field][et_pb_contact_field field_id=&#8221;firstname&#8221; field_title=&#8221;Your First Name*&#8221; fullwidth_field=&#8221;on&#8221; _builder_version=&#8221;4.17.4&#8243; _module_preset=&#8221;default&#8221; global_colors_info=&#8221;{}&#8221;][\/et_pb_contact_field][et_pb_contact_field field_id=&#8221;email&#8221; field_title=&#8221;Your email address*&#8221; field_type=&#8221;email&#8221; fullwidth_field=&#8221;on&#8221; _builder_version=&#8221;4.17.4&#8243; _module_preset=&#8221;default&#8221; global_colors_info=&#8221;{}&#8221; button_text_size__hover_enabled=&#8221;off&#8221; button_one_text_size__hover_enabled=&#8221;off&#8221; button_two_text_size__hover_enabled=&#8221;off&#8221; button_text_color__hover_enabled=&#8221;off&#8221; button_one_text_color__hover_enabled=&#8221;off&#8221; button_two_text_color__hover_enabled=&#8221;off&#8221; button_border_width__hover_enabled=&#8221;off&#8221; button_one_border_width__hover_enabled=&#8221;off&#8221; button_two_border_width__hover_enabled=&#8221;off&#8221; button_border_color__hover_enabled=&#8221;off&#8221; button_one_border_color__hover_enabled=&#8221;off&#8221; button_two_border_color__hover_enabled=&#8221;off&#8221; button_border_radius__hover_enabled=&#8221;off&#8221; button_one_border_radius__hover_enabled=&#8221;off&#8221; button_two_border_radius__hover_enabled=&#8221;off&#8221; button_letter_spacing__hover_enabled=&#8221;off&#8221; button_one_letter_spacing__hover_enabled=&#8221;off&#8221; button_two_letter_spacing__hover_enabled=&#8221;off&#8221; button_bg_color__hover_enabled=&#8221;off&#8221; button_one_bg_color__hover_enabled=&#8221;off&#8221; button_two_bg_color__hover_enabled=&#8221;off&#8221;][\/et_pb_contact_field][et_pb_contact_field field_id=&#8221;phone&#8221; field_title=&#8221;Your phone number*&#8221; allowed_symbols=&#8221;numbers&#8221; fullwidth_field=&#8221;on&#8221; _builder_version=&#8221;4.17.4&#8243; _module_preset=&#8221;default&#8221; global_colors_info=&#8221;{}&#8221;][\/et_pb_contact_field][et_pb_contact_field field_id=&#8221;language&#8221; field_title=&#8221;Your main language*&#8221; field_type=&#8221;select&#8221; select_options=&#8221;%91{%22value%22:%22English%22,%22checked%22:0,%22dragID%22:-1},{%22value%22:%22Fran\u00e7ais%22,%22checked%22:0,%22dragID%22:0}%93&#8243; fullwidth_field=&#8221;on&#8221; _builder_version=&#8221;4.17.4&#8243; _module_preset=&#8221;default&#8221; global_colors_info=&#8221;{}&#8221;][\/et_pb_contact_field][et_pb_contact_field field_id=&#8221;owner&#8221; field_title=&#8221;Your are*&#8221; field_type=&#8221;select&#8221; select_options=&#8221;%91{%22value%22:%22Owner of a non-equipped boat%22,%22checked%22:0,%22dragID%22:-1},{%22value%22:%22Owner of an equipped boat%22,%22checked%22:0,%22dragID%22:1},{%22value%22:%22A professional yacht broker%22,%22checked%22:0,%22dragID%22:0},{%22value%22:%22Other%22,%22checked%22:0,%22dragID%22:2}%93&#8243; fullwidth_field=&#8221;on&#8221; _builder_version=&#8221;4.17.4&#8243; _module_preset=&#8221;default&#8221; global_colors_info=&#8221;{}&#8221;][\/et_pb_contact_field][et_pb_contact_field field_id=&#8221;request&#8221; field_title=&#8221;Your request is about:&#8221; field_type=&#8221;select&#8221; select_options=&#8221;%91{%22value%22:%22Bug or problem with my Seanapps unit%22,%22checked%22:0,%22dragID%22:-1},{%22value%22:%22Managing my personal data%22,%22checked%22:0,%22dragID%22:0},{%22value%22:%22Managing my Seanapps account%22,%22checked%22:0,%22dragID%22:1}%93&#8243; fullwidth_field=&#8221;on&#8221; conditional_logic=&#8221;on&#8221; conditional_logic_rules=&#8221;%91{%22field%22:%22owner%22,%22condition%22:%22is%22,%22value%22:%22Propri\u00e9taire d&#8217;un bateau non \u00e9quip\u00e9%22}%93&#8243; _builder_version=&#8221;4.17.4&#8243; _module_preset=&#8221;default&#8221; global_colors_info=&#8221;{}&#8221;][\/et_pb_contact_field][et_pb_contact_field field_id=&#8221;dealer&#8221; field_title=&#8221;Name of your certified dealer-installer&#8221; fullwidth_field=&#8221;on&#8221; conditional_logic=&#8221;on&#8221; conditional_logic_rules=&#8221;%91{%22field%22:%22owner%22,%22condition%22:%22is%22,%22value%22:%22Propri\u00e9taire d&#8217;un bateau non \u00e9quip\u00e9%22}%93&#8243; _builder_version=&#8221;4.17.4&#8243; _module_preset=&#8221;default&#8221; global_colors_info=&#8221;{}&#8221;][\/et_pb_contact_field][et_pb_contact_field field_id=&#8221;message&#8221; field_title=&#8221;Your message*&#8221; field_type=&#8221;text&#8221; fullwidth_field=&#8221;on&#8221; _builder_version=&#8221;4.17.4&#8243; _module_preset=&#8221;default&#8221; global_colors_info=&#8221;{}&#8221; button_text_size__hover_enabled=&#8221;off&#8221; button_one_text_size__hover_enabled=&#8221;off&#8221; button_two_text_size__hover_enabled=&#8221;off&#8221; button_text_color__hover_enabled=&#8221;off&#8221; button_one_text_color__hover_enabled=&#8221;off&#8221; button_two_text_color__hover_enabled=&#8221;off&#8221; button_border_width__hover_enabled=&#8221;off&#8221; button_one_border_width__hover_enabled=&#8221;off&#8221; button_two_border_width__hover_enabled=&#8221;off&#8221; button_border_color__hover_enabled=&#8221;off&#8221; button_one_border_color__hover_enabled=&#8221;off&#8221; button_two_border_color__hover_enabled=&#8221;off&#8221; button_border_radius__hover_enabled=&#8221;off&#8221; button_one_border_radius__hover_enabled=&#8221;off&#8221; button_two_border_radius__hover_enabled=&#8221;off&#8221; button_letter_spacing__hover_enabled=&#8221;off&#8221; button_one_letter_spacing__hover_enabled=&#8221;off&#8221; button_two_letter_spacing__hover_enabled=&#8221;off&#8221; button_bg_color__hover_enabled=&#8221;off&#8221; button_one_bg_color__hover_enabled=&#8221;off&#8221; button_two_bg_color__hover_enabled=&#8221;off&#8221;][\/et_pb_contact_field][et_pb_contact_field field_id=&#8221;CGU&#8221; field_title=&#8221; &#8221; field_type=&#8221;checkbox&#8221; checkbox_options=&#8221;%91{%22value%22:%22I agree to my details being passed on to Seanapps for the purpose of processing my request.%22,%22checked%22:0,%22dragID%22:0}%93&#8243; fullwidth_field=&#8221;on&#8221; _builder_version=&#8221;4.17.4&#8243; _module_preset=&#8221;default&#8221; global_colors_info=&#8221;{}&#8221;][\/et_pb_contact_field][\/et_pb_contact_form][et_pb_text _builder_version=&#8221;4.17.4&#8243; _module_preset=&#8221;default&#8221; global_colors_info=&#8221;{}&#8221;]<\/p>\n<p>*These data fields are required to process your requests.<\/p>\n<p>[\/et_pb_text][et_pb_text _builder_version=&#8221;4.17.4&#8243; _module_preset=&#8221;default&#8221; text_text_color=&#8221;#a5a5a5&#8243; text_font_size=&#8221;12px&#8221; text_line_height=&#8221;1.6em&#8221; global_colors_info=&#8221;{}&#8221;]<\/p>\n<p>The data collected using this form is processed by Seanapps, the data processer. Its purpose is to respond to your request.<\/p>\n<p>In compliance with the regulations applicable to the protection of private data, you have a right to:<\/p>\n<p>&#8211; Access your data and request its rectification, erasure or portability<\/p>\n<p>&#8211; Object to or restrict processing for legitimate reasons.<\/p>\n<p>&#8211; Send us instructions on what to do with the data (retention, erasure, transfer to a third party, etc.) if the person concerned is deceased ;<\/p>\n<p>For more information about the processing of your data, please read our general terms and conditions.<\/p>\n<p>[\/et_pb_text][\/et_pb_column][\/et_pb_row][\/et_pb_section]<\/p>\n","protected":false},"excerpt":{"rendered":"<p><div class=\"et_pb_module lwp_divi_breadcrumbs lwp_divi_breadcrumbs_0\">\n\t\t\t\t\n\t\t\t\t\n\t\t\t\t\n\t\t\t\t\n\t\t\t\t\n\t\t\t\t\n\t\t\t\t<div class=\"et_pb_module_inner\">\n\t\t\t\t\t<div class=\"lwp-breadcrumbs\"> <span class=\"before\"><\/span> <span vocab=\"https:\/\/schema.org\/\" typeof=\"BreadcrumbList\"><span property=\"itemListElement\" typeof=\"ListItem\"><a property=\"item\" typeof=\"WebPage\" href=\"https:\/\/www.seanapps.app\/en-us\" class=\"home\"><span property=\"name\">Accueil<\/span><\/a><meta property=\"position\" content=\"1\"><\/span> <span class=\"separator et-pb-icon\">5<\/span> <\/span><\/div>\n\t\t\t\t<\/div>\n\t\t\t<\/div>ContactYou want to equip your boat with Seanapps? Go to the dedicated form. Before contacting us, we invite you to consult the questions most frequently asked by Seanapps users on the page dedicated to Frequently Asked Questions.*These data fields are required to process your requests.The data collected using this [&hellip;]<\/p>\n","protected":false},"author":3,"featured_media":0,"parent":0,"menu_order":0,"comment_status":"closed","ping_status":"closed","template":"","meta":{"_et_pb_use_builder":"on","_et_pb_old_content":"","_et_gb_content_width":"","footnotes":""},"class_list":["post-1072","page","type-page","status-publish","hentry"],"yoast_head":"<!-- This site is optimized with the Yoast SEO plugin v27.5 - https:\/\/yoast.com\/product\/yoast-seo-wordpress\/ -->\n<title>Contact | Seanapps<\/title>\n<meta name=\"description\" content=\"Need help? Send an e-mail to the Seanapps team and we will respond as soon as possible.\" \/>\n<meta name=\"robots\" content=\"index, follow, max-snippet:-1, max-image-preview:large, max-video-preview:-1\" \/>\n<link rel=\"canonical\" href=\"https:\/\/www.seanapps.app\/en-us\/contact\" \/>\n<meta property=\"og:locale\" content=\"en_US\" \/>\n<meta property=\"og:type\" content=\"article\" \/>\n<meta property=\"og:title\" content=\"Contact | Seanapps\" \/>\n<meta property=\"og:description\" content=\"Need help? Send an e-mail to the Seanapps team and we will respond as soon as possible.\" \/>\n<meta property=\"og:url\" content=\"https:\/\/www.seanapps.app\/en-us\/contact\" \/>\n<meta property=\"og:site_name\" content=\"Seanapps\" \/>\n<meta property=\"article:publisher\" content=\"https:\/\/www.facebook.com\/SeanappsOfficial\/\" \/>\n<meta property=\"article:modified_time\" content=\"2026-04-20T07:40:28+00:00\" \/>\n<meta name=\"twitter:card\" content=\"summary_large_image\" \/>\n<meta name=\"twitter:label1\" content=\"Est. reading time\" \/>\n\t<meta name=\"twitter:data1\" content=\"2 minutes\" \/>\n<script type=\"application\/ld+json\" class=\"yoast-schema-graph\">{\"@context\":\"https:\\\/\\\/schema.org\",\"@graph\":[{\"@type\":\"WebPage\",\"@id\":\"https:\\\/\\\/www.seanapps.app\\\/en-us\\\/contact\",\"url\":\"https:\\\/\\\/www.seanapps.app\\\/en-us\\\/contact\",\"name\":\"Contact | Seanapps\",\"isPartOf\":{\"@id\":\"https:\\\/\\\/www.seanapps.app\\\/en-us#website\"},\"datePublished\":\"2023-01-16T13:09:01+00:00\",\"dateModified\":\"2026-04-20T07:40:28+00:00\",\"description\":\"Need help? Send an e-mail to the Seanapps team and we will respond as soon as possible.\",\"breadcrumb\":{\"@id\":\"https:\\\/\\\/www.seanapps.app\\\/en-us\\\/contact#breadcrumb\"},\"inLanguage\":\"en-US\",\"potentialAction\":[{\"@type\":\"ReadAction\",\"target\":[\"https:\\\/\\\/www.seanapps.app\\\/en-us\\\/contact\"]}]},{\"@type\":\"BreadcrumbList\",\"@id\":\"https:\\\/\\\/www.seanapps.app\\\/en-us\\\/contact#breadcrumb\",\"itemListElement\":[{\"@type\":\"ListItem\",\"position\":1,\"name\":\"Accueil\",\"item\":\"https:\\\/\\\/www.seanapps.app\\\/en-us\"},{\"@type\":\"ListItem\",\"position\":2,\"name\":\"Contact\"}]},{\"@type\":\"WebSite\",\"@id\":\"https:\\\/\\\/www.seanapps.app\\\/en-us#website\",\"url\":\"https:\\\/\\\/www.seanapps.app\\\/en-us\",\"name\":\"Seanapps\",\"description\":\"Connectez votre bateau et naviguez l&#039;esprit libre\",\"potentialAction\":[{\"@type\":\"SearchAction\",\"target\":{\"@type\":\"EntryPoint\",\"urlTemplate\":\"https:\\\/\\\/www.seanapps.app\\\/en-us?s={search_term_string}\"},\"query-input\":{\"@type\":\"PropertyValueSpecification\",\"valueRequired\":true,\"valueName\":\"search_term_string\"}}],\"inLanguage\":\"en-US\"}]}<\/script>\n<!-- \/ Yoast SEO plugin. -->","yoast_head_json":{"title":"Contact | Seanapps","description":"Need help? Send an e-mail to the Seanapps team and we will respond as soon as possible.","robots":{"index":"index","follow":"follow","max-snippet":"max-snippet:-1","max-image-preview":"max-image-preview:large","max-video-preview":"max-video-preview:-1"},"canonical":"https:\/\/www.seanapps.app\/en-us\/contact","og_locale":"en_US","og_type":"article","og_title":"Contact | Seanapps","og_description":"Need help? Send an e-mail to the Seanapps team and we will respond as soon as possible.","og_url":"https:\/\/www.seanapps.app\/en-us\/contact","og_site_name":"Seanapps","article_publisher":"https:\/\/www.facebook.com\/SeanappsOfficial\/","article_modified_time":"2026-04-20T07:40:28+00:00","twitter_card":"summary_large_image","twitter_misc":{"Est. reading time":"2 minutes"},"schema":{"@context":"https:\/\/schema.org","@graph":[{"@type":"WebPage","@id":"https:\/\/www.seanapps.app\/en-us\/contact","url":"https:\/\/www.seanapps.app\/en-us\/contact","name":"Contact | Seanapps","isPartOf":{"@id":"https:\/\/www.seanapps.app\/en-us#website"},"datePublished":"2023-01-16T13:09:01+00:00","dateModified":"2026-04-20T07:40:28+00:00","description":"Need help? Send an e-mail to the Seanapps team and we will respond as soon as possible.","breadcrumb":{"@id":"https:\/\/www.seanapps.app\/en-us\/contact#breadcrumb"},"inLanguage":"en-US","potentialAction":[{"@type":"ReadAction","target":["https:\/\/www.seanapps.app\/en-us\/contact"]}]},{"@type":"BreadcrumbList","@id":"https:\/\/www.seanapps.app\/en-us\/contact#breadcrumb","itemListElement":[{"@type":"ListItem","position":1,"name":"Accueil","item":"https:\/\/www.seanapps.app\/en-us"},{"@type":"ListItem","position":2,"name":"Contact"}]},{"@type":"WebSite","@id":"https:\/\/www.seanapps.app\/en-us#website","url":"https:\/\/www.seanapps.app\/en-us","name":"Seanapps","description":"Connectez votre bateau et naviguez l&#039;esprit libre","potentialAction":[{"@type":"SearchAction","target":{"@type":"EntryPoint","urlTemplate":"https:\/\/www.seanapps.app\/en-us?s={search_term_string}"},"query-input":{"@type":"PropertyValueSpecification","valueRequired":true,"valueName":"search_term_string"}}],"inLanguage":"en-US"}]}},"_links":{"self":[{"href":"https:\/\/www.seanapps.app\/en-us\/wp-json\/wp\/v2\/pages\/1072","targetHints":{"allow":["GET"]}}],"collection":[{"href":"https:\/\/www.seanapps.app\/en-us\/wp-json\/wp\/v2\/pages"}],"about":[{"href":"https:\/\/www.seanapps.app\/en-us\/wp-json\/wp\/v2\/types\/page"}],"author":[{"embeddable":true,"href":"https:\/\/www.seanapps.app\/en-us\/wp-json\/wp\/v2\/users\/3"}],"replies":[{"embeddable":true,"href":"https:\/\/www.seanapps.app\/en-us\/wp-json\/wp\/v2\/comments?post=1072"}],"version-history":[{"count":2,"href":"https:\/\/www.seanapps.app\/en-us\/wp-json\/wp\/v2\/pages\/1072\/revisions"}],"predecessor-version":[{"id":244226,"href":"https:\/\/www.seanapps.app\/en-us\/wp-json\/wp\/v2\/pages\/1072\/revisions\/244226"}],"wp:attachment":[{"href":"https:\/\/www.seanapps.app\/en-us\/wp-json\/wp\/v2\/media?parent=1072"}],"curies":[{"name":"wp","href":"https:\/\/api.w.org\/{rel}","templated":true}]}}